{"id":5109,"date":"2023-09-25T12:54:03","date_gmt":"2023-09-25T12:54:03","guid":{"rendered":"https:\/\/bfshow.com.br\/?page_id=5109"},"modified":"2023-10-25T19:04:39","modified_gmt":"2023-10-25T19:04:39","slug":"inspiramais","status":"publish","type":"page","link":"https:\/\/bfshow.com.br\/es\/inspiramais\/","title":{"rendered":"Inspiramais"},"content":{"rendered":"<div data-elementor-type=\"wp-page\" data-elementor-id=\"5109\" class=\"elementor elementor-5109\" data-elementor-post-type=\"page\">\n\t\t\t\t<div data-particle_enable=\"false\" data-particle-mobile-disabled=\"false\" class=\"elementor-element elementor-element-3a7dc64 e-con-full e-flex e-con e-parent\" data-id=\"3a7dc64\" data-element_type=\"container\" data-e-type=\"container\" data-settings=\"{&quot;background_background&quot;:&quot;classic&quot;}\">\n\t\t<div data-particle_enable=\"false\" data-particle-mobile-disabled=\"false\" class=\"elementor-element elementor-element-1434d90 e-con-full e-flex e-con e-child\" data-id=\"1434d90\" data-element_type=\"container\" data-e-type=\"container\" data-settings=\"{&quot;background_background&quot;:&quot;classic&quot;}\">\n\t\t\t\t<div class=\"elementor-element elementor-element-6c701c1 elementor-widget elementor-widget-image\" data-id=\"6c701c1\" data-element_type=\"widget\" data-e-type=\"widget\" data-widget_type=\"image.default\">\n\t\t\t\t<div class=\"elementor-widget-container\">\n\t\t\t\t\t\t\t\t\t\t\t\t\t\t\t<img decoding=\"async\" width=\"139\" height=\"224\" src=\"https:\/\/bfshow.com.br\/wp-content\/uploads\/2023\/09\/Ativo-1@3x.png\" class=\"attachment-large size-large wp-image-5114\" alt=\"\" srcset=\"https:\/\/bfshow.com.br\/wp-content\/uploads\/2023\/09\/Ativo-1@3x.png 139w, https:\/\/bfshow.com.br\/wp-content\/uploads\/2023\/09\/Ativo-1@3x-7x12.png 7w\" sizes=\"(max-width: 139px) 100vw, 139px\" \/>\t\t\t\t\t\t\t\t\t\t\t\t\t\t\t<\/div>\n\t\t\t\t<\/div>\n\t\t<div data-particle_enable=\"false\" data-particle-mobile-disabled=\"false\" class=\"elementor-element elementor-element-7f2d481 e-flex e-con-boxed e-con e-child\" data-id=\"7f2d481\" data-element_type=\"container\" data-e-type=\"container\">\n\t\t\t\t\t<div class=\"e-con-inner\">\n\t\t\t\t<div class=\"elementor-element elementor-element-80dd0b4 elementor-widget elementor-widget-heading\" data-id=\"80dd0b4\" data-element_type=\"widget\" data-e-type=\"widget\" data-widget_type=\"heading.default\">\n\t\t\t\t<div class=\"elementor-widget-container\">\n\t\t\t\t\t<h2 class=\"elementor-heading-title elementor-size-default\">BFSHOW e Inspiramais\n<\/h2>\t\t\t\t<\/div>\n\t\t\t\t<\/div>\n\t\t\t\t<div class=\"elementor-element elementor-element-faa0461 elementor-widget elementor-widget-heading\" data-id=\"faa0461\" data-element_type=\"widget\" data-e-type=\"widget\" data-widget_type=\"heading.default\">\n\t\t\t\t<div class=\"elementor-widget-container\">\n\t\t\t\t\t<h2 class=\"elementor-heading-title elementor-size-default\">ajudam a impulsionar<br>\nas suas vendas<\/h2>\t\t\t\t<\/div>\n\t\t\t\t<\/div>\n\t\t\t\t<div class=\"elementor-element elementor-element-0872f10 elementor-widget elementor-widget-heading\" data-id=\"0872f10\" data-element_type=\"widget\" data-e-type=\"widget\" data-widget_type=\"heading.default\">\n\t\t\t\t<div class=\"elementor-widget-container\">\n\t\t\t\t\t<h2 class=\"elementor-heading-title elementor-size-default\">A BFSHOW e o INSPIRAMAIS se uniram para preparar um guia de compras com as tend\u00eancias de moda e consumo para o Inverno 2024 a partir da pesquisa Homo Faber 2024_II. Saiba tudo sobre a cole\u00e7\u00e3o Outono\/Inverno 24 e acerte nas compras para o seu neg\u00f3cio. Cadastre-se e baixe de forma gratuita o material!<\/h2>\t\t\t\t<\/div>\n\t\t\t\t<\/div>\n\t\t\t\t<div class=\"elementor-element elementor-element-fbaa832 elementor-widget elementor-widget-image\" data-id=\"fbaa832\" data-element_type=\"widget\" data-e-type=\"widget\" data-widget_type=\"image.default\">\n\t\t\t\t<div class=\"elementor-widget-container\">\n\t\t\t\t\t\t\t\t\t\t\t\t\t\t\t<img fetchpriority=\"high\" decoding=\"async\" width=\"580\" height=\"165\" src=\"https:\/\/bfshow.com.br\/wp-content\/uploads\/2023\/09\/Ativo-2@3x.png\" class=\"attachment-large size-large wp-image-5116\" alt=\"\" srcset=\"https:\/\/bfshow.com.br\/wp-content\/uploads\/2023\/09\/Ativo-2@3x.png 978w, https:\/\/bfshow.com.br\/wp-content\/uploads\/2023\/09\/Ativo-2@3x-300x85.png 300w, https:\/\/bfshow.com.br\/wp-content\/uploads\/2023\/09\/Ativo-2@3x-768x218.png 768w, https:\/\/bfshow.com.br\/wp-content\/uploads\/2023\/09\/Ativo-2@3x-18x5.png 18w\" sizes=\"(max-width: 580px) 100vw, 580px\" \/>\t\t\t\t\t\t\t\t\t\t\t\t\t\t\t<\/div>\n\t\t\t\t<\/div>\n\t\t\t\t\t<\/div>\n\t\t\t\t<\/div>\n\t\t\t\t<\/div>\n\t\t<div data-particle_enable=\"false\" data-particle-mobile-disabled=\"false\" class=\"elementor-element elementor-element-b0489f1 e-flex e-con-boxed e-con e-child\" data-id=\"b0489f1\" data-element_type=\"container\" data-e-type=\"container\" data-settings=\"{&quot;background_background&quot;:&quot;classic&quot;}\">\n\t\t\t\t\t<div class=\"e-con-inner\">\n\t\t<div data-particle_enable=\"false\" data-particle-mobile-disabled=\"false\" class=\"elementor-element elementor-element-3e224d6 e-con-full e-flex e-con e-child\" data-id=\"3e224d6\" data-element_type=\"container\" data-e-type=\"container\" data-settings=\"{&quot;background_background&quot;:&quot;classic&quot;}\">\n\t\t\t\t<div class=\"elementor-element elementor-element-ee68681 elementor-widget__width-inherit elementor-widget elementor-widget-text-editor\" data-id=\"ee68681\" data-element_type=\"widget\" data-e-type=\"widget\" data-widget_type=\"text-editor.default\">\n\t\t\t\t<div class=\"elementor-widget-container\">\n\t\t\t\t\t\t\t\t\t                        \n<!-- SharpSpring Form for Inspiramais -BFSHOW  -->\n<script type=\"text\/javascript\">\n    var ss_form = {'account': 'MzawMDE3NTEzBgA', 'formID': 'BcHBEQAgDAKwiXjUQ5lHaN1_BJOw2G81NBXwWPC-hlOjtkfKBw'};\n    ss_form.width = '100%';\n    ss_form.domain = 'app-3QNIUAHXMY.marketingautomation.services';\n    \/\/ ss_form.hidden = {'field_id': 'value'}; \/\/ Modify this for sending hidden variables, or overriding values\n    \/\/ ss_form.target_id = 'target'; \/\/ Optional parameter: forms will be placed inside the element with the specified id\n    \/\/ ss_form.polling = true; \/\/ Optional parameter: set to true ONLY if your page loads dynamically and the id needs to be polled continually.\n<\/script>\n<script type=\"text\/javascript\" src=\"https:\/\/koi-3QNIUAHXMY.marketingautomation.services\/client\/form.js?ver=2.0.1\"><\/script>\n                    \t\t\t\t\t\t\t\t<\/div>\n\t\t\t\t<\/div>\n\t\t\t\t<\/div>\n\t\t\t\t\t<\/div>\n\t\t\t\t<\/div>\n\t\t\t\t<\/div>\n\t\t\t\t<\/div>","protected":false},"excerpt":{"rendered":"<p>BFSHOW e Inspiramais ajudam a impulsionar as suas vendas A BFSHOW e o INSPIRAMAIS se uniram para preparar um guia de compras com as tend\u00eancias de moda e consumo para o Inverno 2024 a partir da pesquisa Homo Faber 2024_II. Saiba tudo sobre a cole\u00e7\u00e3o Outono\/Inverno 24 e acerte nas compras para o seu neg\u00f3cio. [&hellip;]<\/p>\n","protected":false},"author":1,"featured_media":0,"parent":0,"menu_order":0,"comment_status":"closed","ping_status":"closed","template":"elementor_canvas","meta":{"footnotes":""},"class_list":["post-5109","page","type-page","status-publish","hentry"],"yoast_head":"<!-- This site is optimized with the Yoast SEO Premium plugin v26.2 (Yoast SEO v21.3) - https:\/\/yoast.com\/wordpress\/plugins\/seo\/ -->\n<title>Inspiramais - Brazilian Footwear Show<\/title>\n<meta name=\"robots\" content=\"index, follow, max-snippet:-1, max-image-preview:large, max-video-preview:-1\" \/>\n<link rel=\"canonical\" href=\"https:\/\/bfshow.com.br\/es\/inspiramais\/\" \/>\n<meta property=\"og:locale\" content=\"es_ES\" \/>\n<meta property=\"og:type\" content=\"article\" \/>\n<meta property=\"og:title\" content=\"Inspiramais - Brazilian Footwear Show\" \/>\n<meta property=\"og:description\" content=\"BFSHOW e Inspiramais ajudam a impulsionar as suas vendas A BFSHOW e o INSPIRAMAIS se uniram para preparar um guia de compras com as tend\u00eancias de moda e consumo para o Inverno 2024 a partir da pesquisa Homo Faber 2024_II. Saiba tudo sobre a cole\u00e7\u00e3o Outono\/Inverno 24 e acerte nas compras para o seu neg\u00f3cio. [&hellip;]\" \/>\n<meta property=\"og:url\" content=\"https:\/\/bfshow.com.br\/es\/inspiramais\/\" \/>\n<meta property=\"og:site_name\" content=\"Brazilian Footwear Show\" \/>\n<meta property=\"article:publisher\" content=\"https:\/\/www.facebook.com\/bfshowoficial\" \/>\n<meta property=\"article:modified_time\" content=\"2023-10-25T19:04:39+00:00\" \/>\n<meta property=\"og:image\" content=\"http:\/\/bfshow.com.br\/wp-content\/uploads\/2023\/09\/Ativo-1@3x.png\" \/>\n<meta name=\"twitter:card\" content=\"summary_large_image\" \/>\n<meta name=\"twitter:label1\" content=\"Tiempo de lectura\" \/>\n\t<meta name=\"twitter:data1\" content=\"1 minuto\" \/>\n<script type=\"application\/ld+json\" class=\"yoast-schema-graph\">{\"@context\":\"https:\/\/schema.org\",\"@graph\":[{\"@type\":\"WebPage\",\"@id\":\"https:\/\/bfshow.com.br\/inspiramais\/\",\"url\":\"https:\/\/bfshow.com.br\/inspiramais\/\",\"name\":\"Inspiramais - Brazilian Footwear Show\",\"isPartOf\":{\"@id\":\"https:\/\/bfshow.com.br\/#website\"},\"datePublished\":\"2023-09-25T12:54:03+00:00\",\"dateModified\":\"2023-10-25T19:04:39+00:00\",\"breadcrumb\":{\"@id\":\"https:\/\/bfshow.com.br\/inspiramais\/#breadcrumb\"},\"inLanguage\":\"es\",\"potentialAction\":[{\"@type\":\"ReadAction\",\"target\":[\"https:\/\/bfshow.com.br\/inspiramais\/\"]}]},{\"@type\":\"BreadcrumbList\",\"@id\":\"https:\/\/bfshow.com.br\/inspiramais\/#breadcrumb\",\"itemListElement\":[{\"@type\":\"ListItem\",\"position\":1,\"name\":\"In\u00edcio\",\"item\":\"https:\/\/bfshow.com.br\/\"},{\"@type\":\"ListItem\",\"position\":2,\"name\":\"Inspiramais\"}]},{\"@type\":\"WebSite\",\"@id\":\"https:\/\/bfshow.com.br\/#website\",\"url\":\"https:\/\/bfshow.com.br\/\",\"name\":\"Brazilian Footwear Show\",\"description\":\"\",\"publisher\":{\"@id\":\"https:\/\/bfshow.com.br\/#organization\"},\"potentialAction\":[{\"@type\":\"SearchAction\",\"target\":{\"@type\":\"EntryPoint\",\"urlTemplate\":\"https:\/\/bfshow.com.br\/?s={search_term_string}\"},\"query-input\":\"required name=search_term_string\"}],\"inLanguage\":\"es\"},{\"@type\":\"Organization\",\"@id\":\"https:\/\/bfshow.com.br\/#organization\",\"name\":\"Brazilian Footwear Show\",\"url\":\"https:\/\/bfshow.com.br\/\",\"logo\":{\"@type\":\"ImageObject\",\"inLanguage\":\"es\",\"@id\":\"https:\/\/bfshow.com.br\/#\/schema\/logo\/image\/\",\"url\":\"https:\/\/bfshow.com.br\/wp-content\/uploads\/2022\/11\/logo-light.png\",\"contentUrl\":\"https:\/\/bfshow.com.br\/wp-content\/uploads\/2022\/11\/logo-light.png\",\"width\":1625,\"height\":322,\"caption\":\"Brazilian Footwear Show\"},\"image\":{\"@id\":\"https:\/\/bfshow.com.br\/#\/schema\/logo\/image\/\"},\"sameAs\":[\"https:\/\/www.facebook.com\/bfshowoficial\",\"https:\/\/www.instagram.com\/bfshowoficial\/\",\"https:\/\/www.linkedin.com\/company\/bfshowoficial\/?viewAsMember=true\"]}]}<\/script>\n<!-- \/ Yoast SEO Premium plugin. -->","yoast_head_json":{"title":"Inspiramais - Brazilian Footwear Show","robots":{"index":"index","follow":"follow","max-snippet":"max-snippet:-1","max-image-preview":"max-image-preview:large","max-video-preview":"max-video-preview:-1"},"canonical":"https:\/\/bfshow.com.br\/es\/inspiramais\/","og_locale":"es_ES","og_type":"article","og_title":"Inspiramais - Brazilian Footwear Show","og_description":"BFSHOW e Inspiramais ajudam a impulsionar as suas vendas A BFSHOW e o INSPIRAMAIS se uniram para preparar um guia de compras com as tend\u00eancias de moda e consumo para o Inverno 2024 a partir da pesquisa Homo Faber 2024_II. Saiba tudo sobre a cole\u00e7\u00e3o Outono\/Inverno 24 e acerte nas compras para o seu neg\u00f3cio. [&hellip;]","og_url":"https:\/\/bfshow.com.br\/es\/inspiramais\/","og_site_name":"Brazilian Footwear Show","article_publisher":"https:\/\/www.facebook.com\/bfshowoficial","article_modified_time":"2023-10-25T19:04:39+00:00","og_image":[{"url":"http:\/\/bfshow.com.br\/wp-content\/uploads\/2023\/09\/Ativo-1@3x.png"}],"twitter_card":"summary_large_image","twitter_misc":{"Tiempo de lectura":"1 minuto"},"schema":{"@context":"https:\/\/schema.org","@graph":[{"@type":"WebPage","@id":"https:\/\/bfshow.com.br\/inspiramais\/","url":"https:\/\/bfshow.com.br\/inspiramais\/","name":"Inspiramais - Brazilian Footwear Show","isPartOf":{"@id":"https:\/\/bfshow.com.br\/#website"},"datePublished":"2023-09-25T12:54:03+00:00","dateModified":"2023-10-25T19:04:39+00:00","breadcrumb":{"@id":"https:\/\/bfshow.com.br\/inspiramais\/#breadcrumb"},"inLanguage":"es","potentialAction":[{"@type":"ReadAction","target":["https:\/\/bfshow.com.br\/inspiramais\/"]}]},{"@type":"BreadcrumbList","@id":"https:\/\/bfshow.com.br\/inspiramais\/#breadcrumb","itemListElement":[{"@type":"ListItem","position":1,"name":"In\u00edcio","item":"https:\/\/bfshow.com.br\/"},{"@type":"ListItem","position":2,"name":"Inspiramais"}]},{"@type":"WebSite","@id":"https:\/\/bfshow.com.br\/#website","url":"https:\/\/bfshow.com.br\/","name":"Brazilian Footwear Show","description":"","publisher":{"@id":"https:\/\/bfshow.com.br\/#organization"},"potentialAction":[{"@type":"SearchAction","target":{"@type":"EntryPoint","urlTemplate":"https:\/\/bfshow.com.br\/?s={search_term_string}"},"query-input":"required name=search_term_string"}],"inLanguage":"es"},{"@type":"Organization","@id":"https:\/\/bfshow.com.br\/#organization","name":"Brazilian Footwear Show","url":"https:\/\/bfshow.com.br\/","logo":{"@type":"ImageObject","inLanguage":"es","@id":"https:\/\/bfshow.com.br\/#\/schema\/logo\/image\/","url":"https:\/\/bfshow.com.br\/wp-content\/uploads\/2022\/11\/logo-light.png","contentUrl":"https:\/\/bfshow.com.br\/wp-content\/uploads\/2022\/11\/logo-light.png","width":1625,"height":322,"caption":"Brazilian Footwear Show"},"image":{"@id":"https:\/\/bfshow.com.br\/#\/schema\/logo\/image\/"},"sameAs":["https:\/\/www.facebook.com\/bfshowoficial","https:\/\/www.instagram.com\/bfshowoficial\/","https:\/\/www.linkedin.com\/company\/bfshowoficial\/?viewAsMember=true"]}]}},"_links":{"self":[{"href":"https:\/\/bfshow.com.br\/es\/wp-json\/wp\/v2\/pages\/5109","targetHints":{"allow":["GET"]}}],"collection":[{"href":"https:\/\/bfshow.com.br\/es\/wp-json\/wp\/v2\/pages"}],"about":[{"href":"https:\/\/bfshow.com.br\/es\/wp-json\/wp\/v2\/types\/page"}],"author":[{"embeddable":true,"href":"https:\/\/bfshow.com.br\/es\/wp-json\/wp\/v2\/users\/1"}],"replies":[{"embeddable":true,"href":"https:\/\/bfshow.com.br\/es\/wp-json\/wp\/v2\/comments?post=5109"}],"version-history":[{"count":0,"href":"https:\/\/bfshow.com.br\/es\/wp-json\/wp\/v2\/pages\/5109\/revisions"}],"wp:attachment":[{"href":"https:\/\/bfshow.com.br\/es\/wp-json\/wp\/v2\/media?parent=5109"}],"curies":[{"name":"wp","href":"https:\/\/api.w.org\/{rel}","templated":true}]}}