{"id":2881,"date":"2023-05-17T14:54:46","date_gmt":"2023-05-17T14:54:46","guid":{"rendered":"https:\/\/bfshow.com.br\/pre-credenciamento-copy\/"},"modified":"2023-05-17T14:59:34","modified_gmt":"2023-05-17T14:59:34","slug":"pre-credenciamento-obrigado","status":"publish","type":"page","link":"https:\/\/bfshow.com.br\/en\/pre-credenciamento-obrigado\/","title":{"rendered":"OBRIGADO"},"content":{"rendered":"<div data-elementor-type=\"wp-page\" data-elementor-id=\"2881\" class=\"elementor elementor-2881\" data-elementor-post-type=\"page\">\n\t\t\t\t\t\t<section data-particle_enable=\"false\" data-particle-mobile-disabled=\"false\" class=\"elementor-section elementor-top-section elementor-element elementor-element-463c61a elementor-section-height-min-height elementor-section-boxed elementor-section-height-default elementor-section-items-middle\" data-id=\"463c61a\" data-element_type=\"section\" data-e-type=\"section\" data-settings=\"{&quot;background_background&quot;:&quot;classic&quot;}\">\n\t\t\t\t\t\t<div class=\"elementor-container elementor-column-gap-default\">\n\t\t\t\t\t<div class=\"elementor-column elementor-col-100 elementor-top-column elementor-element elementor-element-11a7f2d\" data-id=\"11a7f2d\" data-element_type=\"column\" data-e-type=\"column\">\n\t\t\t<div class=\"elementor-widget-wrap elementor-element-populated\">\n\t\t\t\t\t\t<div class=\"elementor-element elementor-element-34c3a65 elementor-widget elementor-widget-image\" data-id=\"34c3a65\" data-element_type=\"widget\" data-e-type=\"widget\" data-widget_type=\"image.default\">\n\t\t\t\t<div class=\"elementor-widget-container\">\n\t\t\t\t\t\t\t\t\t\t\t\t\t\t\t<img fetchpriority=\"high\" decoding=\"async\" width=\"580\" height=\"326\" src=\"https:\/\/bfshow.com.br\/wp-content\/uploads\/2023\/03\/NUR-000123_BANNER-03-1024x576.png\" class=\"attachment-large size-large wp-image-2071\" alt=\"\" srcset=\"https:\/\/bfshow.com.br\/wp-content\/uploads\/2023\/03\/NUR-000123_BANNER-03-1024x576.png 1024w, https:\/\/bfshow.com.br\/wp-content\/uploads\/2023\/03\/NUR-000123_BANNER-03-300x169.png 300w, https:\/\/bfshow.com.br\/wp-content\/uploads\/2023\/03\/NUR-000123_BANNER-03-768x432.png 768w, https:\/\/bfshow.com.br\/wp-content\/uploads\/2023\/03\/NUR-000123_BANNER-03-1536x864.png 1536w, https:\/\/bfshow.com.br\/wp-content\/uploads\/2023\/03\/NUR-000123_BANNER-03-1200x675.png 1200w, https:\/\/bfshow.com.br\/wp-content\/uploads\/2023\/03\/NUR-000123_BANNER-03.png 1920w\" sizes=\"(max-width: 580px) 100vw, 580px\" \/>\t\t\t\t\t\t\t\t\t\t\t\t\t\t\t<\/div>\n\t\t\t\t<\/div>\n\t\t\t\t\t<\/div>\n\t\t<\/div>\n\t\t\t\t\t<\/div>\n\t\t<\/section>\n\t\t\t\t<section data-particle_enable=\"false\" data-particle-mobile-disabled=\"false\" class=\"elementor-section elementor-top-section elementor-element elementor-element-9986e05 elementor-section-boxed elementor-section-height-default elementor-section-height-default\" data-id=\"9986e05\" data-element_type=\"section\" data-e-type=\"section\">\n\t\t\t\t\t\t<div class=\"elementor-container elementor-column-gap-default\">\n\t\t\t\t\t<div class=\"elementor-column elementor-col-100 elementor-top-column elementor-element elementor-element-a341270\" data-id=\"a341270\" data-element_type=\"column\" data-e-type=\"column\">\n\t\t\t<div class=\"elementor-widget-wrap elementor-element-populated\">\n\t\t\t\t\t\t<div class=\"elementor-element elementor-element-d6ec1fb elementor-widget elementor-widget-html\" data-id=\"d6ec1fb\" data-element_type=\"widget\" data-e-type=\"widget\" data-widget_type=\"html.default\">\n\t\t\t\t<div class=\"elementor-widget-container\">\n\t\t\t\t\t<meta http-equiv=\"refresh\" content=\"7; URL='https:\/\/www.instagram.com\/bfshowoficial\/'\"\/>\t\t\t\t<\/div>\n\t\t\t\t<\/div>\n\t\t\t\t<div class=\"elementor-element elementor-element-58b7fe5 elementor-widget elementor-widget-heading\" data-id=\"58b7fe5\" data-element_type=\"widget\" data-e-type=\"widget\" data-widget_type=\"heading.default\">\n\t\t\t\t<div class=\"elementor-widget-container\">\n\t\t\t\t\t<h2 class=\"elementor-heading-title elementor-size-default\">Seu pr\u00e9-credenciamento est\u00e1 confirmado!<\/h2>\t\t\t\t<\/div>\n\t\t\t\t<\/div>\n\t\t\t\t<div class=\"elementor-element elementor-element-bde512c elementor-widget elementor-widget-text-editor\" data-id=\"bde512c\" data-element_type=\"widget\" data-e-type=\"widget\" data-widget_type=\"text-editor.default\">\n\t\t\t\t<div class=\"elementor-widget-container\">\n\t\t\t\t\t\t\t\t\t<p>Voc\u00ea ser\u00e1 avisado em primeira m\u00e3o quando o credenciamento da feira for aberto e ter\u00e1 acesso a informa\u00e7\u00f5es antecipadas da feira!<\/p>\t\t\t\t\t\t\t\t<\/div>\n\t\t\t\t<\/div>\n\t\t\t\t\t<\/div>\n\t\t<\/div>\n\t\t\t\t\t<\/div>\n\t\t<\/section>\n\t\t\t\t<section data-particle_enable=\"false\" data-particle-mobile-disabled=\"false\" class=\"elementor-section elementor-top-section elementor-element elementor-element-4d76c5b elementor-section-boxed elementor-section-height-default elementor-section-height-default\" data-id=\"4d76c5b\" data-element_type=\"section\" data-e-type=\"section\">\n\t\t\t\t\t\t<div class=\"elementor-container elementor-column-gap-default\">\n\t\t\t\t\t<div class=\"elementor-column elementor-col-100 elementor-top-column elementor-element elementor-element-bfcaff2\" data-id=\"bfcaff2\" data-element_type=\"column\" data-e-type=\"column\">\n\t\t\t<div class=\"elementor-widget-wrap elementor-element-populated\">\n\t\t\t\t\t\t<section data-particle_enable=\"false\" data-particle-mobile-disabled=\"false\" class=\"elementor-section elementor-inner-section elementor-element elementor-element-ee4cf49 elementor-section-boxed elementor-section-height-default elementor-section-height-default\" data-id=\"ee4cf49\" data-element_type=\"section\" data-e-type=\"section\">\n\t\t\t\t\t\t<div class=\"elementor-container elementor-column-gap-default\">\n\t\t\t\t\t<div class=\"elementor-column elementor-col-100 elementor-inner-column elementor-element elementor-element-f4adf09\" data-id=\"f4adf09\" data-element_type=\"column\" data-e-type=\"column\">\n\t\t\t<div class=\"elementor-widget-wrap elementor-element-populated\">\n\t\t\t\t\t\t<div class=\"elementor-element elementor-element-a4c1d25 elementor-widget elementor-widget-heading\" data-id=\"a4c1d25\" data-element_type=\"widget\" data-e-type=\"widget\" data-widget_type=\"heading.default\">\n\t\t\t\t<div class=\"elementor-widget-container\">\n\t\t\t\t\t<h2 class=\"elementor-heading-title elementor-size-default\">Uma iniciativa do mercado <span style=\"text-decoration: underline\">para o mercado<\/span><\/h2>\t\t\t\t<\/div>\n\t\t\t\t<\/div>\n\t\t\t\t\t<\/div>\n\t\t<\/div>\n\t\t\t\t\t<\/div>\n\t\t<\/section>\n\t\t\t\t<section data-particle_enable=\"false\" data-particle-mobile-disabled=\"false\" class=\"elementor-section elementor-inner-section elementor-element elementor-element-b256522 elementor-section-boxed elementor-section-height-default elementor-section-height-default\" data-id=\"b256522\" data-element_type=\"section\" data-e-type=\"section\">\n\t\t\t\t\t\t<div class=\"elementor-container elementor-column-gap-default\">\n\t\t\t\t\t<div class=\"elementor-column elementor-col-20 elementor-inner-column elementor-element elementor-element-bdc0d8e\" data-id=\"bdc0d8e\" data-element_type=\"column\" data-e-type=\"column\">\n\t\t\t<div class=\"elementor-widget-wrap elementor-element-populated\">\n\t\t\t\t\t\t<div class=\"elementor-element elementor-element-c6c8123 elementor-widget elementor-widget-heading\" data-id=\"c6c8123\" data-element_type=\"widget\" data-e-type=\"widget\" data-widget_type=\"heading.default\">\n\t\t\t\t<div class=\"elementor-widget-container\">\n\t\t\t\t\t<h2 class=\"elementor-heading-title elementor-size-default\">EMPRESAS<br>\nCAL\u00c7ADISTAS<\/h2>\t\t\t\t<\/div>\n\t\t\t\t<\/div>\n\t\t\t\t<div class=\"elementor-element elementor-element-bd6fea1 elementor-widget elementor-widget-text-editor\" data-id=\"bd6fea1\" data-element_type=\"widget\" data-e-type=\"widget\" data-widget_type=\"text-editor.default\">\n\t\t\t\t<div class=\"elementor-widget-container\">\n\t\t\t\t\t\t\t\t\t<p>Idealizada em parceria com empresas cal\u00e7adistas a partir de uma solicita\u00e7\u00e3o do mercado.<\/p>\t\t\t\t\t\t\t\t<\/div>\n\t\t\t\t<\/div>\n\t\t\t\t\t<\/div>\n\t\t<\/div>\n\t\t\t\t<div class=\"elementor-column elementor-col-20 elementor-inner-column elementor-element elementor-element-c7fa17f\" data-id=\"c7fa17f\" data-element_type=\"column\" data-e-type=\"column\">\n\t\t\t<div class=\"elementor-widget-wrap elementor-element-populated\">\n\t\t\t\t\t\t<div class=\"elementor-element elementor-element-282df3e elementor-widget elementor-widget-heading\" data-id=\"282df3e\" data-element_type=\"widget\" data-e-type=\"widget\" data-widget_type=\"heading.default\">\n\t\t\t\t<div class=\"elementor-widget-container\">\n\t\t\t\t\t<h2 class=\"elementor-heading-title elementor-size-default\">+<\/h2>\t\t\t\t<\/div>\n\t\t\t\t<\/div>\n\t\t\t\t\t<\/div>\n\t\t<\/div>\n\t\t\t\t<div class=\"elementor-column elementor-col-20 elementor-inner-column elementor-element elementor-element-fe664d3\" data-id=\"fe664d3\" data-element_type=\"column\" data-e-type=\"column\">\n\t\t\t<div class=\"elementor-widget-wrap elementor-element-populated\">\n\t\t\t\t\t\t<div class=\"elementor-element elementor-element-639a251 elementor-widget elementor-widget-image\" data-id=\"639a251\" data-element_type=\"widget\" data-e-type=\"widget\" data-widget_type=\"image.default\">\n\t\t\t\t<div class=\"elementor-widget-container\">\n\t\t\t\t\t\t\t\t\t\t\t\t\t\t\t<img decoding=\"async\" width=\"201\" height=\"154\" src=\"https:\/\/bfshow.com.br\/wp-content\/uploads\/2023\/05\/logo.png\" class=\"attachment-large size-large wp-image-2860\" alt=\"\" srcset=\"https:\/\/bfshow.com.br\/wp-content\/uploads\/2023\/05\/logo.png 201w, https:\/\/bfshow.com.br\/wp-content\/uploads\/2023\/05\/logo-16x12.png 16w\" sizes=\"(max-width: 201px) 100vw, 201px\" \/>\t\t\t\t\t\t\t\t\t\t\t\t\t\t\t<\/div>\n\t\t\t\t<\/div>\n\t\t\t\t<div class=\"elementor-element elementor-element-1666241 elementor-widget elementor-widget-text-editor\" data-id=\"1666241\" data-element_type=\"widget\" data-e-type=\"widget\" data-widget_type=\"text-editor.default\">\n\t\t\t\t<div class=\"elementor-widget-container\">\n\t\t\t\t\t\t\t\t\t<p>Realizada pela Abical\u00e7ados , representante da ind\u00fastria \u00a0cal\u00e7adista nacional h\u00e1 40 anos.<\/p>\t\t\t\t\t\t\t\t<\/div>\n\t\t\t\t<\/div>\n\t\t\t\t\t<\/div>\n\t\t<\/div>\n\t\t\t\t<div class=\"elementor-column elementor-col-20 elementor-inner-column elementor-element elementor-element-0f2067f\" data-id=\"0f2067f\" data-element_type=\"column\" data-e-type=\"column\">\n\t\t\t<div class=\"elementor-widget-wrap elementor-element-populated\">\n\t\t\t\t\t\t<div class=\"elementor-element elementor-element-c7e33a7 elementor-widget elementor-widget-heading\" data-id=\"c7e33a7\" data-element_type=\"widget\" data-e-type=\"widget\" data-widget_type=\"heading.default\">\n\t\t\t\t<div class=\"elementor-widget-container\">\n\t\t\t\t\t<h2 class=\"elementor-heading-title elementor-size-default\">+<\/h2>\t\t\t\t<\/div>\n\t\t\t\t<\/div>\n\t\t\t\t\t<\/div>\n\t\t<\/div>\n\t\t\t\t<div class=\"elementor-column elementor-col-20 elementor-inner-column elementor-element elementor-element-d10e83e\" data-id=\"d10e83e\" data-element_type=\"column\" data-e-type=\"column\">\n\t\t\t<div class=\"elementor-widget-wrap elementor-element-populated\">\n\t\t\t\t\t\t<div class=\"elementor-element elementor-element-e885360 elementor-widget elementor-widget-image\" data-id=\"e885360\" data-element_type=\"widget\" data-e-type=\"widget\" data-widget_type=\"image.default\">\n\t\t\t\t<div class=\"elementor-widget-container\">\n\t\t\t\t\t\t\t\t\t\t\t\t\t\t\t<img decoding=\"async\" width=\"300\" height=\"117\" src=\"https:\/\/bfshow.com.br\/wp-content\/uploads\/2023\/05\/NM_Logo_schwarz-orange_RGB.webp\" class=\"attachment-large size-large wp-image-2861\" alt=\"\" srcset=\"https:\/\/bfshow.com.br\/wp-content\/uploads\/2023\/05\/NM_Logo_schwarz-orange_RGB.webp 300w, https:\/\/bfshow.com.br\/wp-content\/uploads\/2023\/05\/NM_Logo_schwarz-orange_RGB-18x7.webp 18w\" sizes=\"(max-width: 300px) 100vw, 300px\" \/>\t\t\t\t\t\t\t\t\t\t\t\t\t\t\t<\/div>\n\t\t\t\t<\/div>\n\t\t\t\t<div class=\"elementor-element elementor-element-9e401b5 elementor-widget elementor-widget-text-editor\" data-id=\"9e401b5\" data-element_type=\"widget\" data-e-type=\"widget\" data-widget_type=\"text-editor.default\">\n\t\t\t\t<div class=\"elementor-widget-container\">\n\t\t\t\t\t\t\t\t\t<p>Organizada pla N\u00fcrnbergMesse Brasil, uma das principais promotoras de eventos do mundo.<\/p>\t\t\t\t\t\t\t\t<\/div>\n\t\t\t\t<\/div>\n\t\t\t\t\t<\/div>\n\t\t<\/div>\n\t\t\t\t\t<\/div>\n\t\t<\/section>\n\t\t\t\t\t<\/div>\n\t\t<\/div>\n\t\t\t\t\t<\/div>\n\t\t<\/section>\n\t\t\t\t<section data-particle_enable=\"false\" data-particle-mobile-disabled=\"false\" class=\"elementor-section elementor-top-section elementor-element elementor-element-e86b080 elementor-section-boxed elementor-section-height-default elementor-section-height-default\" data-id=\"e86b080\" data-element_type=\"section\" data-e-type=\"section\" data-settings=\"{&quot;background_background&quot;:&quot;classic&quot;}\">\n\t\t\t\t\t\t<div class=\"elementor-container elementor-column-gap-default\">\n\t\t\t\t\t<div class=\"elementor-column elementor-col-100 elementor-top-column elementor-element elementor-element-277f600\" data-id=\"277f600\" data-element_type=\"column\" data-e-type=\"column\">\n\t\t\t<div class=\"elementor-widget-wrap elementor-element-populated\">\n\t\t\t\t\t\t<div class=\"elementor-element elementor-element-a60aae7 elementor-widget elementor-widget-spacer\" data-id=\"a60aae7\" data-element_type=\"widget\" data-e-type=\"widget\" data-widget_type=\"spacer.default\">\n\t\t\t\t<div class=\"elementor-widget-container\">\n\t\t\t\t\t\t\t<div class=\"elementor-spacer\">\n\t\t\t<div class=\"elementor-spacer-inner\"><\/div>\n\t\t<\/div>\n\t\t\t\t\t\t<\/div>\n\t\t\t\t<\/div>\n\t\t\t\t\t<\/div>\n\t\t<\/div>\n\t\t\t\t\t<\/div>\n\t\t<\/section>\n\t\t\t\t<\/div>","protected":false},"excerpt":{"rendered":"<p>Seu pr\u00e9-credenciamento est\u00e1 confirmado! Voc\u00ea ser\u00e1 avisado em primeira m\u00e3o quando o credenciamento da feira for aberto e ter\u00e1 acesso a informa\u00e7\u00f5es antecipadas da feira! Uma iniciativa do mercado para o mercado EMPRESAS CAL\u00c7ADISTAS Idealizada em parceria com empresas cal\u00e7adistas a partir de uma solicita\u00e7\u00e3o do mercado. + Realizada pela Abical\u00e7ados , representante da ind\u00fastria [&hellip;]<\/p>\n","protected":false},"author":1,"featured_media":0,"parent":0,"menu_order":0,"comment_status":"closed","ping_status":"closed","template":"elementor_canvas","meta":{"footnotes":""},"class_list":["post-2881","page","type-page","status-publish","hentry"],"yoast_head":"<!-- This site is optimized with the Yoast SEO Premium plugin v26.2 (Yoast SEO v21.3) - https:\/\/yoast.com\/wordpress\/plugins\/seo\/ -->\n<title>OBRIGADO - Brazilian Footwear Show<\/title>\n<meta name=\"robots\" content=\"index, follow, max-snippet:-1, max-image-preview:large, max-video-preview:-1\" \/>\n<link rel=\"canonical\" href=\"https:\/\/bfshow.com.br\/en\/pre-credenciamento-obrigado\/\" \/>\n<meta property=\"og:locale\" content=\"en_US\" \/>\n<meta property=\"og:type\" content=\"article\" \/>\n<meta property=\"og:title\" content=\"OBRIGADO - Brazilian Footwear Show\" \/>\n<meta property=\"og:description\" content=\"Seu pr\u00e9-credenciamento est\u00e1 confirmado! Voc\u00ea ser\u00e1 avisado em primeira m\u00e3o quando o credenciamento da feira for aberto e ter\u00e1 acesso a informa\u00e7\u00f5es antecipadas da feira! Uma iniciativa do mercado para o mercado EMPRESAS CAL\u00c7ADISTAS Idealizada em parceria com empresas cal\u00e7adistas a partir de uma solicita\u00e7\u00e3o do mercado. + Realizada pela Abical\u00e7ados , representante da ind\u00fastria [&hellip;]\" \/>\n<meta property=\"og:url\" content=\"https:\/\/bfshow.com.br\/en\/pre-credenciamento-obrigado\/\" \/>\n<meta property=\"og:site_name\" content=\"Brazilian Footwear Show\" \/>\n<meta property=\"article:publisher\" content=\"https:\/\/www.facebook.com\/bfshowoficial\" \/>\n<meta property=\"article:modified_time\" content=\"2023-05-17T14:59:34+00:00\" \/>\n<meta property=\"og:image\" content=\"https:\/\/bfshow.com.br\/wp-content\/uploads\/2023\/03\/NUR-000123_BANNER-03-1024x576.png\" \/>\n<meta name=\"twitter:card\" content=\"summary_large_image\" \/>\n<script type=\"application\/ld+json\" class=\"yoast-schema-graph\">{\"@context\":\"https:\/\/schema.org\",\"@graph\":[{\"@type\":\"WebPage\",\"@id\":\"https:\/\/bfshow.com.br\/pre-credenciamento-obrigado\/\",\"url\":\"https:\/\/bfshow.com.br\/pre-credenciamento-obrigado\/\",\"name\":\"OBRIGADO - Brazilian Footwear Show\",\"isPartOf\":{\"@id\":\"https:\/\/bfshow.com.br\/#website\"},\"datePublished\":\"2023-05-17T14:54:46+00:00\",\"dateModified\":\"2023-05-17T14:59:34+00:00\",\"breadcrumb\":{\"@id\":\"https:\/\/bfshow.com.br\/pre-credenciamento-obrigado\/#breadcrumb\"},\"inLanguage\":\"en-US\",\"potentialAction\":[{\"@type\":\"ReadAction\",\"target\":[\"https:\/\/bfshow.com.br\/pre-credenciamento-obrigado\/\"]}]},{\"@type\":\"BreadcrumbList\",\"@id\":\"https:\/\/bfshow.com.br\/pre-credenciamento-obrigado\/#breadcrumb\",\"itemListElement\":[{\"@type\":\"ListItem\",\"position\":1,\"name\":\"In\u00edcio\",\"item\":\"https:\/\/bfshow.com.br\/\"},{\"@type\":\"ListItem\",\"position\":2,\"name\":\"OBRIGADO\"}]},{\"@type\":\"WebSite\",\"@id\":\"https:\/\/bfshow.com.br\/#website\",\"url\":\"https:\/\/bfshow.com.br\/\",\"name\":\"Brazilian Footwear Show\",\"description\":\"\",\"publisher\":{\"@id\":\"https:\/\/bfshow.com.br\/#organization\"},\"potentialAction\":[{\"@type\":\"SearchAction\",\"target\":{\"@type\":\"EntryPoint\",\"urlTemplate\":\"https:\/\/bfshow.com.br\/?s={search_term_string}\"},\"query-input\":\"required name=search_term_string\"}],\"inLanguage\":\"en-US\"},{\"@type\":\"Organization\",\"@id\":\"https:\/\/bfshow.com.br\/#organization\",\"name\":\"Brazilian Footwear Show\",\"url\":\"https:\/\/bfshow.com.br\/\",\"logo\":{\"@type\":\"ImageObject\",\"inLanguage\":\"en-US\",\"@id\":\"https:\/\/bfshow.com.br\/#\/schema\/logo\/image\/\",\"url\":\"https:\/\/bfshow.com.br\/wp-content\/uploads\/2022\/11\/logo-light.png\",\"contentUrl\":\"https:\/\/bfshow.com.br\/wp-content\/uploads\/2022\/11\/logo-light.png\",\"width\":1625,\"height\":322,\"caption\":\"Brazilian Footwear Show\"},\"image\":{\"@id\":\"https:\/\/bfshow.com.br\/#\/schema\/logo\/image\/\"},\"sameAs\":[\"https:\/\/www.facebook.com\/bfshowoficial\",\"https:\/\/www.instagram.com\/bfshowoficial\/\",\"https:\/\/www.linkedin.com\/company\/bfshowoficial\/?viewAsMember=true\"]}]}<\/script>\n<!-- \/ Yoast SEO Premium plugin. -->","yoast_head_json":{"title":"OBRIGADO - Brazilian Footwear Show","robots":{"index":"index","follow":"follow","max-snippet":"max-snippet:-1","max-image-preview":"max-image-preview:large","max-video-preview":"max-video-preview:-1"},"canonical":"https:\/\/bfshow.com.br\/en\/pre-credenciamento-obrigado\/","og_locale":"en_US","og_type":"article","og_title":"OBRIGADO - Brazilian Footwear Show","og_description":"Seu pr\u00e9-credenciamento est\u00e1 confirmado! Voc\u00ea ser\u00e1 avisado em primeira m\u00e3o quando o credenciamento da feira for aberto e ter\u00e1 acesso a informa\u00e7\u00f5es antecipadas da feira! Uma iniciativa do mercado para o mercado EMPRESAS CAL\u00c7ADISTAS Idealizada em parceria com empresas cal\u00e7adistas a partir de uma solicita\u00e7\u00e3o do mercado. + Realizada pela Abical\u00e7ados , representante da ind\u00fastria [&hellip;]","og_url":"https:\/\/bfshow.com.br\/en\/pre-credenciamento-obrigado\/","og_site_name":"Brazilian Footwear Show","article_publisher":"https:\/\/www.facebook.com\/bfshowoficial","article_modified_time":"2023-05-17T14:59:34+00:00","og_image":[{"url":"https:\/\/bfshow.com.br\/wp-content\/uploads\/2023\/03\/NUR-000123_BANNER-03-1024x576.png"}],"twitter_card":"summary_large_image","schema":{"@context":"https:\/\/schema.org","@graph":[{"@type":"WebPage","@id":"https:\/\/bfshow.com.br\/pre-credenciamento-obrigado\/","url":"https:\/\/bfshow.com.br\/pre-credenciamento-obrigado\/","name":"OBRIGADO - Brazilian Footwear Show","isPartOf":{"@id":"https:\/\/bfshow.com.br\/#website"},"datePublished":"2023-05-17T14:54:46+00:00","dateModified":"2023-05-17T14:59:34+00:00","breadcrumb":{"@id":"https:\/\/bfshow.com.br\/pre-credenciamento-obrigado\/#breadcrumb"},"inLanguage":"en-US","potentialAction":[{"@type":"ReadAction","target":["https:\/\/bfshow.com.br\/pre-credenciamento-obrigado\/"]}]},{"@type":"BreadcrumbList","@id":"https:\/\/bfshow.com.br\/pre-credenciamento-obrigado\/#breadcrumb","itemListElement":[{"@type":"ListItem","position":1,"name":"In\u00edcio","item":"https:\/\/bfshow.com.br\/"},{"@type":"ListItem","position":2,"name":"OBRIGADO"}]},{"@type":"WebSite","@id":"https:\/\/bfshow.com.br\/#website","url":"https:\/\/bfshow.com.br\/","name":"Brazilian Footwear Show","description":"","publisher":{"@id":"https:\/\/bfshow.com.br\/#organization"},"potentialAction":[{"@type":"SearchAction","target":{"@type":"EntryPoint","urlTemplate":"https:\/\/bfshow.com.br\/?s={search_term_string}"},"query-input":"required name=search_term_string"}],"inLanguage":"en-US"},{"@type":"Organization","@id":"https:\/\/bfshow.com.br\/#organization","name":"Brazilian Footwear Show","url":"https:\/\/bfshow.com.br\/","logo":{"@type":"ImageObject","inLanguage":"en-US","@id":"https:\/\/bfshow.com.br\/#\/schema\/logo\/image\/","url":"https:\/\/bfshow.com.br\/wp-content\/uploads\/2022\/11\/logo-light.png","contentUrl":"https:\/\/bfshow.com.br\/wp-content\/uploads\/2022\/11\/logo-light.png","width":1625,"height":322,"caption":"Brazilian Footwear Show"},"image":{"@id":"https:\/\/bfshow.com.br\/#\/schema\/logo\/image\/"},"sameAs":["https:\/\/www.facebook.com\/bfshowoficial","https:\/\/www.instagram.com\/bfshowoficial\/","https:\/\/www.linkedin.com\/company\/bfshowoficial\/?viewAsMember=true"]}]}},"_links":{"self":[{"href":"https:\/\/bfshow.com.br\/en\/wp-json\/wp\/v2\/pages\/2881","targetHints":{"allow":["GET"]}}],"collection":[{"href":"https:\/\/bfshow.com.br\/en\/wp-json\/wp\/v2\/pages"}],"about":[{"href":"https:\/\/bfshow.com.br\/en\/wp-json\/wp\/v2\/types\/page"}],"author":[{"embeddable":true,"href":"https:\/\/bfshow.com.br\/en\/wp-json\/wp\/v2\/users\/1"}],"replies":[{"embeddable":true,"href":"https:\/\/bfshow.com.br\/en\/wp-json\/wp\/v2\/comments?post=2881"}],"version-history":[{"count":0,"href":"https:\/\/bfshow.com.br\/en\/wp-json\/wp\/v2\/pages\/2881\/revisions"}],"wp:attachment":[{"href":"https:\/\/bfshow.com.br\/en\/wp-json\/wp\/v2\/media?parent=2881"}],"curies":[{"name":"wp","href":"https:\/\/api.w.org\/{rel}","templated":true}]}}