{"id":13813,"date":"2026-02-25T10:24:49","date_gmt":"2026-02-25T10:24:49","guid":{"rendered":"https:\/\/bfshow.com.br\/?page_id=13813"},"modified":"2026-02-27T20:31:55","modified_gmt":"2026-02-27T20:31:55","slug":"queremos-ouvir-voce","status":"publish","type":"page","link":"https:\/\/bfshow.com.br\/en\/queremos-ouvir-voce\/","title":{"rendered":"Queremos ouvir voc\u00ea"},"content":{"rendered":"<div data-elementor-type=\"wp-page\" data-elementor-id=\"13813\" class=\"elementor elementor-13813\" data-elementor-post-type=\"page\">\n\t\t\t\t<div data-particle_enable=\"false\" data-particle-mobile-disabled=\"false\" class=\"elementor-element elementor-element-a0be72e e-flex e-con-boxed e-con e-parent\" data-id=\"a0be72e\" data-element_type=\"container\" data-e-type=\"container\" data-settings=\"{&quot;background_background&quot;:&quot;classic&quot;}\">\n\t\t\t\t\t<div class=\"e-con-inner\">\n\t\t\t\t<div class=\"elementor-element elementor-element-9e5fe49 elementor-widget elementor-widget-heading\" data-id=\"9e5fe49\" data-element_type=\"widget\" data-e-type=\"widget\" data-widget_type=\"heading.default\">\n\t\t\t\t<div class=\"elementor-widget-container\">\n\t\t\t\t\t<h2 class=\"elementor-heading-title elementor-size-default\">Queremos ouvir voc\u00ea<\/h2>\t\t\t\t<\/div>\n\t\t\t\t<\/div>\n\t\t\t\t<div class=\"elementor-element elementor-element-b174906 elementor-widget elementor-widget-heading\" data-id=\"b174906\" data-element_type=\"widget\" data-e-type=\"widget\" data-widget_type=\"heading.default\">\n\t\t\t\t<div class=\"elementor-widget-container\">\n\t\t\t\t\t<h2 class=\"elementor-heading-title elementor-size-default\">Ajude a construir conte\u00fados cada vez mais relevantes para a BFSHOW.\n\n<\/h2>\t\t\t\t<\/div>\n\t\t\t\t<\/div>\n\t\t\t\t\t<\/div>\n\t\t\t\t<\/div>\n\t\t<div data-particle_enable=\"false\" data-particle-mobile-disabled=\"false\" class=\"elementor-element elementor-element-8d969a8 e-flex e-con-boxed e-con e-parent\" data-id=\"8d969a8\" data-element_type=\"container\" data-e-type=\"container\">\n\t\t\t\t\t<div class=\"e-con-inner\">\n\t\t\t\t<div class=\"elementor-element elementor-element-602641b elementor-widget elementor-widget-html\" data-id=\"602641b\" data-element_type=\"widget\" data-e-type=\"widget\" data-widget_type=\"html.default\">\n\t\t\t\t<div class=\"elementor-widget-container\">\n\t\t\t\t\t<!-- SharpSpring Form for Conte\u00fados e Interesses \u2013 BFSHOW  -->\n<script type=\"text\/javascript\">\n    var ss_form = {'account': 'MzawMDE3NTEzBgA', 'formID': 's7QwNE4zTTLWTbE0SNY1sUxN1E0yTzLVNTQyMTdITU0xBvIA'};\n    ss_form.width = '100%';\n    ss_form.domain = 'app-3QNIUAHXMY.marketingautomation.services';\n    \/\/ ss_form.hidden = {'field_id': 'value'}; \/\/ Modify this for sending hidden variables, or overriding values\n    \/\/ ss_form.target_id = 'target'; \/\/ Optional parameter: forms will be placed inside the element with the specified id\n    \/\/ ss_form.polling = true; \/\/ Optional parameter: set to true ONLY if your page loads dynamically and the id needs to be polled continually.\n<\/script>\n<script type=\"text\/javascript\" src=\"https:\/\/koi-3QNIUAHXMY.marketingautomation.services\/client\/form.js?ver=2.0.1\"><\/script>\t\t\t\t<\/div>\n\t\t\t\t<\/div>\n\t\t\t\t\t<\/div>\n\t\t\t\t<\/div>\n\t\t\t\t<\/div>","protected":false},"excerpt":{"rendered":"<p>Queremos ouvir voc\u00ea Ajude a construir conte\u00fados cada vez mais relevantes para a BFSHOW.<\/p>","protected":false},"author":1,"featured_media":0,"parent":0,"menu_order":0,"comment_status":"closed","ping_status":"closed","template":"elementor_header_footer","meta":{"footnotes":""},"class_list":["post-13813","page","type-page","status-publish","hentry"],"yoast_head":"<!-- This site is optimized with the Yoast SEO Premium plugin v26.2 (Yoast SEO v21.3) - https:\/\/yoast.com\/wordpress\/plugins\/seo\/ -->\n<title>Queremos ouvir voc\u00ea - Brazilian Footwear Show<\/title>\n<meta name=\"robots\" content=\"index, follow, max-snippet:-1, max-image-preview:large, max-video-preview:-1\" \/>\n<link rel=\"canonical\" href=\"https:\/\/bfshow.com.br\/en\/queremos-ouvir-voce\/\" \/>\n<meta property=\"og:locale\" content=\"en_US\" \/>\n<meta property=\"og:type\" content=\"article\" \/>\n<meta property=\"og:title\" content=\"Queremos ouvir voc\u00ea - Brazilian Footwear Show\" \/>\n<meta property=\"og:description\" content=\"Queremos ouvir voc\u00ea Ajude a construir conte\u00fados cada vez mais relevantes para a BFSHOW.\" \/>\n<meta property=\"og:url\" content=\"https:\/\/bfshow.com.br\/en\/queremos-ouvir-voce\/\" \/>\n<meta property=\"og:site_name\" content=\"Brazilian Footwear Show\" \/>\n<meta property=\"article:publisher\" content=\"https:\/\/www.facebook.com\/bfshowoficial\" \/>\n<meta property=\"article:modified_time\" content=\"2026-02-27T20:31:55+00:00\" \/>\n<meta name=\"twitter:card\" content=\"summary_large_image\" \/>\n<meta name=\"twitter:label1\" content=\"Est. reading time\" \/>\n\t<meta name=\"twitter:data1\" content=\"1 minute\" \/>\n<script type=\"application\/ld+json\" class=\"yoast-schema-graph\">{\"@context\":\"https:\/\/schema.org\",\"@graph\":[{\"@type\":\"WebPage\",\"@id\":\"https:\/\/bfshow.com.br\/queremos-ouvir-voce\/\",\"url\":\"https:\/\/bfshow.com.br\/queremos-ouvir-voce\/\",\"name\":\"Queremos ouvir voc\u00ea - Brazilian Footwear Show\",\"isPartOf\":{\"@id\":\"https:\/\/bfshow.com.br\/#website\"},\"datePublished\":\"2026-02-25T10:24:49+00:00\",\"dateModified\":\"2026-02-27T20:31:55+00:00\",\"breadcrumb\":{\"@id\":\"https:\/\/bfshow.com.br\/queremos-ouvir-voce\/#breadcrumb\"},\"inLanguage\":\"en-US\",\"potentialAction\":[{\"@type\":\"ReadAction\",\"target\":[\"https:\/\/bfshow.com.br\/queremos-ouvir-voce\/\"]}]},{\"@type\":\"BreadcrumbList\",\"@id\":\"https:\/\/bfshow.com.br\/queremos-ouvir-voce\/#breadcrumb\",\"itemListElement\":[{\"@type\":\"ListItem\",\"position\":1,\"name\":\"In\u00edcio\",\"item\":\"https:\/\/bfshow.com.br\/\"},{\"@type\":\"ListItem\",\"position\":2,\"name\":\"Queremos ouvir voc\u00ea\"}]},{\"@type\":\"WebSite\",\"@id\":\"https:\/\/bfshow.com.br\/#website\",\"url\":\"https:\/\/bfshow.com.br\/\",\"name\":\"Brazilian Footwear Show\",\"description\":\"\",\"publisher\":{\"@id\":\"https:\/\/bfshow.com.br\/#organization\"},\"potentialAction\":[{\"@type\":\"SearchAction\",\"target\":{\"@type\":\"EntryPoint\",\"urlTemplate\":\"https:\/\/bfshow.com.br\/?s={search_term_string}\"},\"query-input\":\"required name=search_term_string\"}],\"inLanguage\":\"en-US\"},{\"@type\":\"Organization\",\"@id\":\"https:\/\/bfshow.com.br\/#organization\",\"name\":\"Brazilian Footwear Show\",\"url\":\"https:\/\/bfshow.com.br\/\",\"logo\":{\"@type\":\"ImageObject\",\"inLanguage\":\"en-US\",\"@id\":\"https:\/\/bfshow.com.br\/#\/schema\/logo\/image\/\",\"url\":\"https:\/\/bfshow.com.br\/wp-content\/uploads\/2022\/11\/logo-light.png\",\"contentUrl\":\"https:\/\/bfshow.com.br\/wp-content\/uploads\/2022\/11\/logo-light.png\",\"width\":1625,\"height\":322,\"caption\":\"Brazilian Footwear Show\"},\"image\":{\"@id\":\"https:\/\/bfshow.com.br\/#\/schema\/logo\/image\/\"},\"sameAs\":[\"https:\/\/www.facebook.com\/bfshowoficial\",\"https:\/\/www.instagram.com\/bfshowoficial\/\",\"https:\/\/www.linkedin.com\/company\/bfshowoficial\/?viewAsMember=true\"]}]}<\/script>\n<!-- \/ Yoast SEO Premium plugin. -->","yoast_head_json":{"title":"Queremos ouvir voc\u00ea - Brazilian Footwear Show","robots":{"index":"index","follow":"follow","max-snippet":"max-snippet:-1","max-image-preview":"max-image-preview:large","max-video-preview":"max-video-preview:-1"},"canonical":"https:\/\/bfshow.com.br\/en\/queremos-ouvir-voce\/","og_locale":"en_US","og_type":"article","og_title":"Queremos ouvir voc\u00ea - Brazilian Footwear Show","og_description":"Queremos ouvir voc\u00ea Ajude a construir conte\u00fados cada vez mais relevantes para a BFSHOW.","og_url":"https:\/\/bfshow.com.br\/en\/queremos-ouvir-voce\/","og_site_name":"Brazilian Footwear Show","article_publisher":"https:\/\/www.facebook.com\/bfshowoficial","article_modified_time":"2026-02-27T20:31:55+00:00","twitter_card":"summary_large_image","twitter_misc":{"Est. reading time":"1 minute"},"schema":{"@context":"https:\/\/schema.org","@graph":[{"@type":"WebPage","@id":"https:\/\/bfshow.com.br\/queremos-ouvir-voce\/","url":"https:\/\/bfshow.com.br\/queremos-ouvir-voce\/","name":"Queremos ouvir voc\u00ea - Brazilian Footwear Show","isPartOf":{"@id":"https:\/\/bfshow.com.br\/#website"},"datePublished":"2026-02-25T10:24:49+00:00","dateModified":"2026-02-27T20:31:55+00:00","breadcrumb":{"@id":"https:\/\/bfshow.com.br\/queremos-ouvir-voce\/#breadcrumb"},"inLanguage":"en-US","potentialAction":[{"@type":"ReadAction","target":["https:\/\/bfshow.com.br\/queremos-ouvir-voce\/"]}]},{"@type":"BreadcrumbList","@id":"https:\/\/bfshow.com.br\/queremos-ouvir-voce\/#breadcrumb","itemListElement":[{"@type":"ListItem","position":1,"name":"In\u00edcio","item":"https:\/\/bfshow.com.br\/"},{"@type":"ListItem","position":2,"name":"Queremos ouvir voc\u00ea"}]},{"@type":"WebSite","@id":"https:\/\/bfshow.com.br\/#website","url":"https:\/\/bfshow.com.br\/","name":"Brazilian Footwear Show","description":"","publisher":{"@id":"https:\/\/bfshow.com.br\/#organization"},"potentialAction":[{"@type":"SearchAction","target":{"@type":"EntryPoint","urlTemplate":"https:\/\/bfshow.com.br\/?s={search_term_string}"},"query-input":"required name=search_term_string"}],"inLanguage":"en-US"},{"@type":"Organization","@id":"https:\/\/bfshow.com.br\/#organization","name":"Brazilian Footwear Show","url":"https:\/\/bfshow.com.br\/","logo":{"@type":"ImageObject","inLanguage":"en-US","@id":"https:\/\/bfshow.com.br\/#\/schema\/logo\/image\/","url":"https:\/\/bfshow.com.br\/wp-content\/uploads\/2022\/11\/logo-light.png","contentUrl":"https:\/\/bfshow.com.br\/wp-content\/uploads\/2022\/11\/logo-light.png","width":1625,"height":322,"caption":"Brazilian Footwear Show"},"image":{"@id":"https:\/\/bfshow.com.br\/#\/schema\/logo\/image\/"},"sameAs":["https:\/\/www.facebook.com\/bfshowoficial","https:\/\/www.instagram.com\/bfshowoficial\/","https:\/\/www.linkedin.com\/company\/bfshowoficial\/?viewAsMember=true"]}]}},"_links":{"self":[{"href":"https:\/\/bfshow.com.br\/en\/wp-json\/wp\/v2\/pages\/13813","targetHints":{"allow":["GET"]}}],"collection":[{"href":"https:\/\/bfshow.com.br\/en\/wp-json\/wp\/v2\/pages"}],"about":[{"href":"https:\/\/bfshow.com.br\/en\/wp-json\/wp\/v2\/types\/page"}],"author":[{"embeddable":true,"href":"https:\/\/bfshow.com.br\/en\/wp-json\/wp\/v2\/users\/1"}],"replies":[{"embeddable":true,"href":"https:\/\/bfshow.com.br\/en\/wp-json\/wp\/v2\/comments?post=13813"}],"version-history":[{"count":11,"href":"https:\/\/bfshow.com.br\/en\/wp-json\/wp\/v2\/pages\/13813\/revisions"}],"predecessor-version":[{"id":14106,"href":"https:\/\/bfshow.com.br\/en\/wp-json\/wp\/v2\/pages\/13813\/revisions\/14106"}],"wp:attachment":[{"href":"https:\/\/bfshow.com.br\/en\/wp-json\/wp\/v2\/media?parent=13813"}],"curies":[{"name":"wp","href":"https:\/\/api.w.org\/{rel}","templated":true}]}}